{"id":1866,"date":"2019-10-06T21:54:11","date_gmt":"2019-10-06T19:54:11","guid":{"rendered":"https:\/\/vastiacare.se\/?page_id=1866"},"modified":"2022-09-05T12:57:21","modified_gmt":"2022-09-05T10:57:21","slug":"hem","status":"publish","type":"page","link":"https:\/\/vastiacare.se\/en\/hem\/","title":{"rendered":"Home"},"content":{"rendered":"<div id='fullscreen_slider_1' class='avia-fullscreen-slider main_color  av-small-hide av-mini-hide  avia-builder-el-0  el_before_av_slideshow_full  avia-builder-el-first   container_wrap fullsize' style=' '  ><div  data-size='no scaling'  data-lightbox_size='large'  data-animation='slide'  data-conditional_play=''  data-ids='37'  data-video_counter='0'  data-autoplay='false'  data-bg_slider='true'  data-slide_height='100'  data-handle='av_fullscreen'  data-interval='5'  data-class=' '  data-css_id='fullscreen_slider_1'  data-scroll_down=''  data-control_layout='av-control-default'  data-custom_markup=''  data-perma_caption=''  data-autoplay_stopper=''  data-image_attachment='scroll'  data-min_height='0px'  data-stretch=''  class='avia-slideshow avia-slideshow-1  av-control-default av-default-height-applied avia-slideshow-no scaling av_fullscreen   avia-slide-slider '  itemprop=\"image\" itemscope=\"itemscope\" itemtype=\"https:\/\/schema.org\/ImageObject\" ><ul class='avia-slideshow-inner ' style='padding-bottom: 38.947368421053%;' ><li style='background-position:center center;' data-img-url='https:\/\/vastiacare.se\/wp-content\/uploads\/2019\/08\/homapage_banner.jpg' class=' av-single-slide slide-1 ' ><div data-rel='slideshow-1' class='avia-slide-wrap '   ><div class = \"caption_fullwidth av-slideshow-caption caption_bottom\"><div class = \"container caption_container\"><div class = \"slideshow_caption\"><div class = \"slideshow_inner_caption\"><div class = \"slideshow_align_caption\"><div class='avia-caption-content  av_inherit_color'  itemprop=\"description\"   style='font-size:20px; color:#333333; '><h1>Greater independence equals better quality of life<\/h1>\n<p>Our product strategy is simple. We create user-friendly bathroom products\u2014always focusing on safety.<\/p>\n<\/div><\/div><\/div><\/div><\/div><\/div><\/div><\/li><\/ul><\/div><\/div>\n<div id='full_slider_1' class='avia-fullwidth-slider main_color avia-shadow  av-desktop-hide av-medium-hide  avia-builder-el-1  el_after_av_fullscreen  el_before_av_section   slider-not-first container_wrap fullsize' style=' '  ><div  data-size='large'  data-lightbox_size='large'  data-animation='slide'  data-conditional_play=''  data-ids='37'  data-video_counter='0'  data-autoplay='false'  data-bg_slider='false'  data-slide_height=''  data-handle='av_slideshow_full'  data-interval='5'  data-class=' '  data-css_id=''  data-scroll_down=''  data-control_layout='av-control-default'  data-custom_markup=''  data-perma_caption=''  data-autoplay_stopper=''  data-image_attachment=''  data-min_height='400px'  data-src=''  data-position='top left'  data-repeat='no-repeat'  data-attach='scroll'  data-stretch=''  class='avia-slideshow avia-slideshow-2  av-control-default av-default-height-applied avia-slideshow-large av_slideshow_full   avia-slide-slider '  itemprop=\"image\" itemscope=\"itemscope\" itemtype=\"https:\/\/schema.org\/ImageObject\" ><ul class='avia-slideshow-inner ' style='padding-bottom: 38.932038834951%;' ><li  class=' av-single-slide slide-1 ' ><div data-rel='slideshow-2' class='avia-slide-wrap '   ><div class = \"caption_fullwidth av-slideshow-caption caption_bottom\"><div class = \"container caption_container\"><div class = \"slideshow_caption\"><div class = \"slideshow_inner_caption\"><div class = \"slideshow_align_caption\"><div class='avia-caption-content  av_inherit_color'  itemprop=\"description\"   style='font-size:15px; color:#333333; '><h1>Greater independence equals better quality of life<\/h1>\n<p>Our product strategy is simple. We create user-friendly bathroom products\u2014always focusing on safety.<\/p>\n<\/div><\/div><\/div><\/div><\/div><\/div><img src='https:\/\/vastiacare.se\/wp-content\/uploads\/2019\/08\/homapage_banner-1030x401.jpg' width='1030' height='401' title='homapage_banner' alt='V\u00e4stia Care - bostadsanpassning'  itemprop=\"thumbnailUrl\"  style='min-height:400px; min-width:1028px; ' \/><\/div><\/li><\/ul><\/div><\/div>\n<div id='av_section_1' class='avia-section main_color avia-section-large avia-no-border-styling avia-bg-style-scroll  avia-builder-el-2  el_after_av_slideshow_full  el_before_av_layout_row    container_wrap fullsize' style='background-color: #ffffff;  '  ><div class='container' ><div class='template-page content  av-content-full alpha units'><div class='post-entry post-entry-type-page post-entry-1866'><div class='entry-content-wrapper clearfix'>\n<div style='padding-bottom:0px; margin-bottom:25px; color:#25aa9d;font-size:40px;' class='av-special-heading av-special-heading-h2 custom-color-heading blockquote modern-quote modern-centered  avia-builder-el-3  el_before_av_textblock  avia-builder-el-first   av-inherit-size '><h2 class='av-special-heading-tag '  itemprop=\"headline\"  >About V\u00e4stia Care<\/h2><div class='special-heading-border'><div class='special-heading-inner-border' style='border-color:#25aa9d'><\/div><\/div><\/div>\n<section class=\"av_textblock_section \"  itemscope=\"itemscope\" itemtype=\"https:\/\/schema.org\/CreativeWork\" ><div class='avia_textblock  av_inherit_color '  style='font-size:19px; color:#4d4d4f; '  itemprop=\"text\" ><p style=\"text-align: center;\">Since 1986, V\u00e4stia Care has created the conditions for a safe and free everyday life for people with disabilities. We specialise in developing shower cubicles, shower walls and support equipment with the ambition to make each day a little easier\u2014for you and the people close to you.<\/p>\n<\/div><\/section>\n<div class='avia-button-wrap avia-button-center  avia-builder-el-5  el_after_av_textblock  avia-builder-el-last  '><a href='https:\/\/vastiacare.se\/en\/om-oss\/'  class='avia-button   avia-icon_select-no avia-color-theme-color avia-size-small avia-position-center '   ><span class='avia_iconbox_title' >Read more<\/span><\/a><\/div>\n\n<\/div><\/div><\/div><!-- close content main div --><\/div><\/div><div id='av-layout-grid-1' class='av-layout-grid-container entry-content-wrapper main_color av-flex-cells    avia-builder-el-6  el_after_av_section  el_before_av_layout_row  submenu-not-first container_wrap fullsize' style=' '  >\n<div class=\"flex_cell no_margin av_one_full  avia-builder-el-7  avia-builder-el-no-sibling    av-zero-padding \" style='vertical-align:top; padding:0; '><div class='flex_cell_inner' ><div class='avia-image-container  av-styling-   av-desktop-hide av-medium-hide  avia-builder-el-8  avia-builder-el-no-sibling   avia-align-center '  itemprop=\"image\" itemscope=\"itemscope\" itemtype=\"https:\/\/schema.org\/ImageObject\"  ><div class='avia-image-container-inner'><div class='avia-image-overlay-wrap'><img class='avia_image' src='https:\/\/vastiacare.se\/wp-content\/uploads\/2019\/08\/homapage_img1.jpg' alt='Bostadsanpassning och specialduschar - V\u00e4stia Care' title='homapage_img1' height=\"500\" width=\"950\"  itemprop=\"thumbnailUrl\"  \/><\/div><\/div><\/div>\n<\/div><\/div>\n<\/div>\n<div id='av-layout-grid-2' class='av-layout-grid-container entry-content-wrapper main_color av-flex-cells    avia-builder-el-9  el_after_av_layout_row  el_before_av_layout_row   submenu-not-first container_wrap fullsize' style=' '  >\n<div class=\"flex_cell no_margin av_one_half  avia-builder-el-10  el_before_av_cell_one_half  avia-builder-el-first    av-zero-padding \" style='background:url(https:\/\/vastiacare.se\/wp-content\/uploads\/2019\/08\/homapage_img1.jpg) top right no-repeat scroll; vertical-align:top; padding:0px; '><div class='flex_cell_inner' ><\/div><\/div><div class=\"flex_cell no_margin av_one_half  avia-builder-el-11  el_after_av_cell_one_half  avia-builder-el-last    \" style='background: #f5f3ee; vertical-align:top; padding:55px 20px 55px 45px ; background-color:#f5f3ee; '><div class='flex_cell_inner' ><p><div style='padding-bottom:10px; color:#25aa9d;font-size:40px;' class='av-special-heading av-special-heading-h2 custom-color-heading blockquote modern-quote  avia-builder-el-12  el_before_av_textblock  avia-builder-el-first   av-inherit-size '><h2 class='av-special-heading-tag '  itemprop=\"headline\"  >Welfare technology<\/h2><div class='special-heading-border'><div class='special-heading-inner-border' style='border-color:#25aa9d'><\/div><\/div><\/div><br \/>\n<section class=\"av_textblock_section \"  itemscope=\"itemscope\" itemtype=\"https:\/\/schema.org\/CreativeWork\" ><div class='avia_textblock  '   itemprop=\"text\" ><p>Showering is an everyday luxury that we often take for granted\u2014but as you get older, it may become more difficult. We have aided people for more than 30 years, creating innovative bathroom solutions.<\/p>\n<p>V\u00e4stia Care is one of the market leaders in welfare technology for safe bathrooms. It is our passion to create safe solutions for a free and independent life.<\/p>\n<p>That\u2019s something that we\u2019re proud of.<\/p>\n<\/div><\/section><br \/>\n<div class='avia-button-wrap avia-button-left  avia-builder-el-14  el_after_av_textblock  avia-builder-el-last  '><a href='https:\/\/vastiacare.se\/en\/valfardsteknik\/'  class='avia-button   avia-icon_select-no avia-color-theme-color avia-size-small avia-position-left '   ><span class='avia_iconbox_title' >Read more<\/span><\/a><\/div><\/p>\n<\/div><\/div>\n<\/div>\n<div id='av-layout-grid-3' class='av-layout-grid-container entry-content-wrapper main_color av-flex-cells    avia-builder-el-15  el_after_av_layout_row  avia-builder-el-last  submenu-not-first container_wrap fullsize' style=' '  >\n<div class=\"flex_cell no_margin av_one_full  avia-builder-el-16  avia-builder-el-no-sibling    av-zero-padding \" style='vertical-align:top; padding:0; '><div class='flex_cell_inner' ><div class='avia-image-container  av-styling-   av-desktop-hide av-medium-hide  avia-builder-el-17  avia-builder-el-no-sibling   avia-align-center '  itemprop=\"image\" itemscope=\"itemscope\" itemtype=\"https:\/\/schema.org\/ImageObject\"  ><div class='avia-image-container-inner'><div class='avia-image-overlay-wrap'><img class='avia_image' src='https:\/\/vastiacare.se\/wp-content\/uploads\/2019\/08\/homepage_img2.jpg' alt='V\u00e4stia Care - bostadsanpassning' title='homepage_img2' height=\"500\" width=\"951\"  itemprop=\"thumbnailUrl\"  \/><\/div><\/div><\/div>\n<\/div><\/div>\n<\/div>\n","protected":false},"excerpt":{"rendered":"","protected":false},"author":7,"featured_media":0,"parent":0,"menu_order":0,"comment_status":"closed","ping_status":"closed","template":"","meta":{"_acf_changed":false,"footnotes":""},"class_list":["post-1866","page","type-page","status-publish","hentry"],"acf":[],"yoast_head":"<!-- This site is optimized with the Yoast SEO plugin v23.5 - https:\/\/yoast.com\/wordpress\/plugins\/seo\/ -->\n<title>Home - V\u00e4stia Care - Bostadsanpassning Duschrum, Specialduschar<\/title>\n<meta name=\"robots\" content=\"index, follow, max-snippet:-1, max-image-preview:large, max-video-preview:-1\" \/>\n<link rel=\"canonical\" href=\"https:\/\/vastiacare.se\/en\/hem\/\" \/>\n<meta property=\"og:locale\" content=\"en_US\" \/>\n<meta property=\"og:type\" content=\"article\" \/>\n<meta property=\"og:title\" content=\"Home - V\u00e4stia Care - Bostadsanpassning Duschrum, Specialduschar\" \/>\n<meta property=\"og:url\" content=\"https:\/\/vastiacare.se\/en\/hem\/\" \/>\n<meta property=\"og:site_name\" content=\"V\u00e4stia Care - Bostadsanpassning Duschrum, Specialduschar\" \/>\n<meta property=\"article:modified_time\" content=\"2022-09-05T10:57:21+00:00\" \/>\n<meta name=\"twitter:card\" content=\"summary_large_image\" \/>\n<meta name=\"twitter:label1\" content=\"Est. reading time\" \/>\n\t<meta name=\"twitter:data1\" content=\"4 minutes\" \/>\n<script type=\"application\/ld+json\" class=\"yoast-schema-graph\">{\"@context\":\"https:\/\/schema.org\",\"@graph\":[{\"@type\":\"WebPage\",\"@id\":\"https:\/\/vastiacare.se\/en\/hem\/\",\"url\":\"https:\/\/vastiacare.se\/en\/hem\/\",\"name\":\"Home - V\u00e4stia Care - Bostadsanpassning Duschrum, Specialduschar\",\"isPartOf\":{\"@id\":\"https:\/\/vastiacare.se\/#website\"},\"datePublished\":\"2019-10-06T19:54:11+00:00\",\"dateModified\":\"2022-09-05T10:57:21+00:00\",\"breadcrumb\":{\"@id\":\"https:\/\/vastiacare.se\/en\/hem\/#breadcrumb\"},\"inLanguage\":\"en-US\",\"potentialAction\":[{\"@type\":\"ReadAction\",\"target\":[\"https:\/\/vastiacare.se\/en\/hem\/\"]}]},{\"@type\":\"BreadcrumbList\",\"@id\":\"https:\/\/vastiacare.se\/en\/hem\/#breadcrumb\",\"itemListElement\":[{\"@type\":\"ListItem\",\"position\":1,\"name\":\"Hem\",\"item\":\"https:\/\/vastiacare.se\/hem\/\"},{\"@type\":\"ListItem\",\"position\":2,\"name\":\"Home\"}]},{\"@type\":\"WebSite\",\"@id\":\"https:\/\/vastiacare.se\/#website\",\"url\":\"https:\/\/vastiacare.se\/\",\"name\":\"V\u00e4stia Care - Bostadsanpassning Duschrum, Specialduschar\",\"description\":\"Vi \u00e4r specialiserade p\u00e5 att utveckla duschrum, duschv\u00e4ggar och st\u00f6dhj\u00e4lpmedel medambitionen att g\u00f6ra varje dag lite enklare \u2013 f\u00f6r dig och dem i din n\u00e4rhet.\",\"publisher\":{\"@id\":\"https:\/\/vastiacare.se\/#organization\"},\"potentialAction\":[{\"@type\":\"SearchAction\",\"target\":{\"@type\":\"EntryPoint\",\"urlTemplate\":\"https:\/\/vastiacare.se\/?s={search_term_string}\"},\"query-input\":{\"@type\":\"PropertyValueSpecification\",\"valueRequired\":true,\"valueName\":\"search_term_string\"}}],\"inLanguage\":\"en-US\"},{\"@type\":\"Organization\",\"@id\":\"https:\/\/vastiacare.se\/#organization\",\"name\":\"V\u00e4stia Care\",\"url\":\"https:\/\/vastiacare.se\/\",\"logo\":{\"@type\":\"ImageObject\",\"inLanguage\":\"en-US\",\"@id\":\"https:\/\/vastiacare.se\/#\/schema\/logo\/image\/\",\"url\":\"https:\/\/vastiacare.se\/wp-content\/uploads\/2019\/09\/favicon.png\",\"contentUrl\":\"https:\/\/vastiacare.se\/wp-content\/uploads\/2019\/09\/favicon.png\",\"width\":69,\"height\":69,\"caption\":\"V\u00e4stia Care\"},\"image\":{\"@id\":\"https:\/\/vastiacare.se\/#\/schema\/logo\/image\/\"}}]}<\/script>\n<!-- \/ Yoast SEO plugin. -->","yoast_head_json":{"title":"Home - V\u00e4stia Care - Bostadsanpassning Duschrum, Specialduschar","robots":{"index":"index","follow":"follow","max-snippet":"max-snippet:-1","max-image-preview":"max-image-preview:large","max-video-preview":"max-video-preview:-1"},"canonical":"https:\/\/vastiacare.se\/en\/hem\/","og_locale":"en_US","og_type":"article","og_title":"Home - V\u00e4stia Care - Bostadsanpassning Duschrum, Specialduschar","og_url":"https:\/\/vastiacare.se\/en\/hem\/","og_site_name":"V\u00e4stia Care - Bostadsanpassning Duschrum, Specialduschar","article_modified_time":"2022-09-05T10:57:21+00:00","twitter_card":"summary_large_image","twitter_misc":{"Est. reading time":"4 minutes"},"schema":{"@context":"https:\/\/schema.org","@graph":[{"@type":"WebPage","@id":"https:\/\/vastiacare.se\/en\/hem\/","url":"https:\/\/vastiacare.se\/en\/hem\/","name":"Home - V\u00e4stia Care - Bostadsanpassning Duschrum, Specialduschar","isPartOf":{"@id":"https:\/\/vastiacare.se\/#website"},"datePublished":"2019-10-06T19:54:11+00:00","dateModified":"2022-09-05T10:57:21+00:00","breadcrumb":{"@id":"https:\/\/vastiacare.se\/en\/hem\/#breadcrumb"},"inLanguage":"en-US","potentialAction":[{"@type":"ReadAction","target":["https:\/\/vastiacare.se\/en\/hem\/"]}]},{"@type":"BreadcrumbList","@id":"https:\/\/vastiacare.se\/en\/hem\/#breadcrumb","itemListElement":[{"@type":"ListItem","position":1,"name":"Hem","item":"https:\/\/vastiacare.se\/hem\/"},{"@type":"ListItem","position":2,"name":"Home"}]},{"@type":"WebSite","@id":"https:\/\/vastiacare.se\/#website","url":"https:\/\/vastiacare.se\/","name":"V\u00e4stia Care - Bostadsanpassning Duschrum, Specialduschar","description":"Vi \u00e4r specialiserade p\u00e5 att utveckla duschrum, duschv\u00e4ggar och st\u00f6dhj\u00e4lpmedel medambitionen att g\u00f6ra varje dag lite enklare \u2013 f\u00f6r dig och dem i din n\u00e4rhet.","publisher":{"@id":"https:\/\/vastiacare.se\/#organization"},"potentialAction":[{"@type":"SearchAction","target":{"@type":"EntryPoint","urlTemplate":"https:\/\/vastiacare.se\/?s={search_term_string}"},"query-input":{"@type":"PropertyValueSpecification","valueRequired":true,"valueName":"search_term_string"}}],"inLanguage":"en-US"},{"@type":"Organization","@id":"https:\/\/vastiacare.se\/#organization","name":"V\u00e4stia Care","url":"https:\/\/vastiacare.se\/","logo":{"@type":"ImageObject","inLanguage":"en-US","@id":"https:\/\/vastiacare.se\/#\/schema\/logo\/image\/","url":"https:\/\/vastiacare.se\/wp-content\/uploads\/2019\/09\/favicon.png","contentUrl":"https:\/\/vastiacare.se\/wp-content\/uploads\/2019\/09\/favicon.png","width":69,"height":69,"caption":"V\u00e4stia Care"},"image":{"@id":"https:\/\/vastiacare.se\/#\/schema\/logo\/image\/"}}]}},"_links":{"self":[{"href":"https:\/\/vastiacare.se\/en\/wp-json\/wp\/v2\/pages\/1866"}],"collection":[{"href":"https:\/\/vastiacare.se\/en\/wp-json\/wp\/v2\/pages"}],"about":[{"href":"https:\/\/vastiacare.se\/en\/wp-json\/wp\/v2\/types\/page"}],"author":[{"embeddable":true,"href":"https:\/\/vastiacare.se\/en\/wp-json\/wp\/v2\/users\/7"}],"replies":[{"embeddable":true,"href":"https:\/\/vastiacare.se\/en\/wp-json\/wp\/v2\/comments?post=1866"}],"version-history":[{"count":8,"href":"https:\/\/vastiacare.se\/en\/wp-json\/wp\/v2\/pages\/1866\/revisions"}],"predecessor-version":[{"id":17235,"href":"https:\/\/vastiacare.se\/en\/wp-json\/wp\/v2\/pages\/1866\/revisions\/17235"}],"wp:attachment":[{"href":"https:\/\/vastiacare.se\/en\/wp-json\/wp\/v2\/media?parent=1866"}],"curies":[{"name":"wp","href":"https:\/\/api.w.org\/{rel}","templated":true}]}}