{"id":1907,"date":"2019-10-06T22:21:18","date_gmt":"2019-10-06T20:21:18","guid":{"rendered":"https:\/\/vastiacare.se\/?page_id=1907"},"modified":"2024-11-11T08:38:38","modified_gmt":"2024-11-11T07:38:38","slug":"kontakta-oss","status":"publish","type":"page","link":"https:\/\/vastiacare.se\/en\/kontakta-oss\/","title":{"rendered":"Contact us"},"content":{"rendered":"<div id='full_slider_1' class='avia-fullwidth-slider main_color avia-shadow  av-small-hide av-mini-hide  avia-builder-el-0  el_before_av_slideshow_full  avia-builder-el-first   container_wrap fullsize' style=' '  ><div  data-size='custom-banner'  data-lightbox_size='large'  data-animation='slide'  data-conditional_play=''  data-ids='697'  data-video_counter='0'  data-autoplay='false'  data-bg_slider='false'  data-slide_height=''  data-handle='av_slideshow_full'  data-interval='5'  data-class=' '  data-css_id=''  data-scroll_down=''  data-control_layout='av-control-default'  data-custom_markup=''  data-perma_caption=''  data-autoplay_stopper=''  data-image_attachment=''  data-min_height='500px'  data-src=''  data-position='top left'  data-repeat='no-repeat'  data-attach='scroll'  data-stretch=''  data-default-height='31.25'  class='avia-slideshow avia-slideshow-1  av-control-default av-default-height-applied avia-slideshow-custom-banner av_slideshow_full   avia-slide-slider '  itemprop=\"image\" itemscope=\"itemscope\" itemtype=\"https:\/\/schema.org\/ImageObject\" ><ul class='avia-slideshow-inner ' style='padding-bottom: 31.25%;' ><li  class=' av-single-slide slide-1 ' ><div data-rel='slideshow-1' class='avia-slide-wrap '   ><img src='https:\/\/vastiacare.se\/wp-content\/uploads\/2019\/08\/vastia3-1920x600.jpg' width='1920' height='600' title='vastia3' alt='V\u00e4stia Care'  itemprop=\"thumbnailUrl\"  style='min-height:500px; min-width:1600px; ' \/><div class='av-section-color-overlay' style='opacity: 1; background-image: url(https:\/\/vastiacare.se\/wp-content\/uploads\/2019\/08\/overlay-desktop.png); background-repeat: repeat;'><\/div><\/div><\/li><\/ul><\/div><\/div>\n<div id='full_slider_2' class='avia-fullwidth-slider main_color avia-shadow  av-desktop-hide av-medium-hide  avia-builder-el-1  el_after_av_slideshow_full  el_before_av_section   slider-not-first container_wrap fullsize' style=' '  ><div  data-size='mobile-banner'  data-lightbox_size='large'  data-animation='slide'  data-conditional_play=''  data-ids='697'  data-video_counter='0'  data-autoplay='false'  data-bg_slider='false'  data-slide_height=''  data-handle='av_slideshow_full'  data-interval='5'  data-class=' '  data-css_id=''  data-scroll_down=''  data-control_layout='av-control-default'  data-custom_markup=''  data-perma_caption=''  data-autoplay_stopper=''  data-image_attachment=''  data-min_height='300px'  data-src=''  data-position='top left'  data-repeat='no-repeat'  data-attach='scroll'  data-stretch=''  data-default-height='100'  class='avia-slideshow avia-slideshow-2  av-control-default av-default-height-applied avia-slideshow-mobile-banner av_slideshow_full   avia-slide-slider '  itemprop=\"image\" itemscope=\"itemscope\" itemtype=\"https:\/\/schema.org\/ImageObject\" ><ul class='avia-slideshow-inner ' style='padding-bottom: 100%;' ><li  class=' av-single-slide slide-1 ' ><div data-rel='slideshow-2' class='avia-slide-wrap '   ><img src='https:\/\/vastiacare.se\/wp-content\/uploads\/2019\/08\/vastia3-1030x1030.jpg' width='1030' height='1030' title='vastia3' alt='V\u00e4stia Care'  itemprop=\"thumbnailUrl\"  style='min-height:300px; min-width:300px; ' \/><div class='av-section-color-overlay' style='opacity: 1; background-image: url(https:\/\/vastiacare.se\/wp-content\/uploads\/2019\/08\/overlay-mobile.png); background-repeat: repeat;'><\/div><\/div><\/li><\/ul><\/div><\/div>\n<div id='av_section_1' class='avia-section main_color avia-section-default avia-no-border-styling avia-bg-style-scroll  avia-builder-el-2  el_after_av_slideshow_full  el_before_av_layout_row   container_wrap fullsize' style=' '  ><div class='container' ><div class='template-page content  av-content-full alpha units'><div class='post-entry post-entry-type-page post-entry-1907'><div class='entry-content-wrapper clearfix'>\n<div style='padding-bottom:10px; ' class='av-special-heading av-special-heading-h1  blockquote modern-quote modern-centered  avia-builder-el-3  el_before_av_one_third  avia-builder-el-first   '><h1 class='av-special-heading-tag '  itemprop=\"headline\"  >Contact us<\/h1><div class='special-heading-border'><div class='special-heading-inner-border' ><\/div><\/div><\/div>\n<div class='flex_column_table av-equal-height-column-flextable -flextable' ><div class=\"flex_column av_one_third  flex_column_table_cell av-equal-height-column av-align-top first  avia-builder-el-4  el_after_av_heading  el_before_av_one_third   \" style='border-width:1px; border-color:#e4e4e4; border-style:solid; padding:20px; border-radius:0px; '><p><div style='padding-bottom:0px; font-size:26px;' class='av-special-heading av-special-heading-h3  blockquote modern-quote modern-centered  avia-builder-el-5  el_before_av_textblock  avia-builder-el-first   av-inherit-size '><h3 class='av-special-heading-tag '  itemprop=\"headline\"  >Address<\/h3><div class='special-heading-border'><div class='special-heading-inner-border' ><\/div><\/div><\/div><br \/>\n<section class=\"av_textblock_section \"  itemscope=\"itemscope\" itemtype=\"https:\/\/schema.org\/CreativeWork\" ><div class='avia_textblock  '   itemprop=\"text\" ><p style=\"text-align: center;\">Dubbgatan 8, 462 73 V\u00e4nersborg<\/p>\n<\/div><\/section><\/p><\/div><div class='av-flex-placeholder'><\/div><div class=\"flex_column av_one_third  flex_column_table_cell av-equal-height-column av-align-top   avia-builder-el-7  el_after_av_one_third  el_before_av_one_third   \" style='border-width:1px; border-color:#e4e4e4; border-style:solid; padding:20px; border-radius:0px; '><p><div style='padding-bottom:0px; margin:0px 0px 0px 0px; font-size:26px;' class='av-special-heading av-special-heading-h3  blockquote modern-quote modern-centered  avia-builder-el-8  el_before_av_textblock  avia-builder-el-first   av-inherit-size '><h3 class='av-special-heading-tag '  itemprop=\"headline\"  >Phone<\/h3><div class='special-heading-border'><div class='special-heading-inner-border' ><\/div><\/div><\/div><br \/>\n<section class=\"av_textblock_section \"  itemscope=\"itemscope\" itemtype=\"https:\/\/schema.org\/CreativeWork\" ><div class='avia_textblock  '   itemprop=\"text\" ><p style=\"text-align: center;\"><a href=\"tel:004631-94 35 26\">004631-94 35 26<\/a><\/p>\n<\/div><\/section><\/p><\/div><div class='av-flex-placeholder'><\/div><div class=\"flex_column av_one_third  flex_column_table_cell av-equal-height-column av-align-top   avia-builder-el-10  el_after_av_one_third  avia-builder-el-last   \" style='border-width:1px; border-color:#e4e4e4; border-style:solid; padding:20px; border-radius:0px; '><p><div style='padding-bottom:0px; margin-top:0px; font-size:26px;' class='av-special-heading av-special-heading-h3  blockquote modern-quote modern-centered  avia-builder-el-11  el_before_av_textblock  avia-builder-el-first   av-inherit-size '><h3 class='av-special-heading-tag '  itemprop=\"headline\"  >E-mail<\/h3><div class='special-heading-border'><div class='special-heading-inner-border' ><\/div><\/div><\/div><br \/>\n<section class=\"av_textblock_section \"  itemscope=\"itemscope\" itemtype=\"https:\/\/schema.org\/CreativeWork\" ><div class='avia_textblock  '   itemprop=\"text\" ><p style=\"text-align: center;\"><a href=\"mailto:info@vastiacare.se\">info@vastiacare.se<\/a><\/p>\n<\/div><\/section><\/p><\/div><\/div><!--close column table wrapper. Autoclose: 1 --><\/div><\/div><\/div><!-- close content main div --><\/div><\/div><div id='av-layout-grid-1' class='av-layout-grid-container entry-content-wrapper main_color av-flex-cells    avia-builder-el-13  el_after_av_section  avia-builder-el-last  submenu-not-first container_wrap fullsize' style=' '  >\n<div class=\"flex_cell no_margin av_one_half  avia-builder-el-14  el_before_av_cell_one_half  avia-builder-el-first    av-zero-padding \" style='vertical-align:top; padding:0; '><div class='flex_cell_inner' >\n<\/div><\/div><div class=\"flex_cell no_margin av_one_half  avia-builder-el-16  el_after_av_cell_one_half  avia-builder-el-last    \" style='background: #25aa9d; vertical-align:top; padding:30px; background-color:#25aa9d; '><div class='flex_cell_inner' ><section class=\"av_textblock_section \"  itemscope=\"itemscope\" itemtype=\"https:\/\/schema.org\/CreativeWork\" ><div class='avia_textblock  '   itemprop=\"text\" >\n<div class=\"wpcf7 no-js\" id=\"wpcf7-f1908-o1\" lang=\"sv-SE\" dir=\"ltr\">\n<div class=\"screen-reader-response\"><p role=\"status\" aria-live=\"polite\" aria-atomic=\"true\"><\/p> <ul><\/ul><\/div>\n<form action=\"\/en\/wp-json\/wp\/v2\/pages\/1907#wpcf7-f1908-o1\" method=\"post\" class=\"wpcf7-form init\" aria-label=\"Kontaktformul\u00e4r\" novalidate=\"novalidate\" data-status=\"init\">\n<div style=\"display: none;\">\n<input type=\"hidden\" name=\"_wpcf7\" value=\"1908\" \/>\n<input type=\"hidden\" name=\"_wpcf7_version\" value=\"5.9.8\" \/>\n<input type=\"hidden\" name=\"_wpcf7_locale\" value=\"sv_SE\" \/>\n<input type=\"hidden\" name=\"_wpcf7_unit_tag\" value=\"wpcf7-f1908-o1\" \/>\n<input type=\"hidden\" name=\"_wpcf7_container_post\" value=\"0\" \/>\n<input type=\"hidden\" name=\"_wpcf7_posted_data_hash\" value=\"\" \/>\n<input type=\"hidden\" name=\"_wpcf7_recaptcha_response\" value=\"\" \/>\n<\/div>\n<p><label> Your name (mandatory)<br \/>\n<span class=\"wpcf7-form-control-wrap\" data-name=\"your-name\"><input size=\"40\" maxlength=\"400\" class=\"wpcf7-form-control wpcf7-text wpcf7-validates-as-required\" aria-required=\"true\" aria-invalid=\"false\" value=\"\" type=\"text\" name=\"your-name\" \/><\/span> <\/label>\n<\/p>\n<p><label> Your e-mail address (mandatory)<br \/>\n<span class=\"wpcf7-form-control-wrap\" data-name=\"your-email\"><input size=\"40\" maxlength=\"400\" class=\"wpcf7-form-control wpcf7-email wpcf7-validates-as-required wpcf7-text wpcf7-validates-as-email\" aria-required=\"true\" aria-invalid=\"false\" value=\"\" type=\"email\" name=\"your-email\" \/><\/span> <\/label>\n<\/p>\n<p><label> Subject<br \/>\n<span class=\"wpcf7-form-control-wrap\" data-name=\"your-subject\"><input size=\"40\" maxlength=\"400\" class=\"wpcf7-form-control wpcf7-text\" aria-invalid=\"false\" value=\"\" type=\"text\" name=\"your-subject\" \/><\/span> <\/label>\n<\/p>\n<p><label> Your message<br \/>\n<span class=\"wpcf7-form-control-wrap\" data-name=\"your-message\"><textarea cols=\"40\" rows=\"10\" maxlength=\"2000\" class=\"wpcf7-form-control wpcf7-textarea\" aria-invalid=\"false\" name=\"your-message\"><\/textarea><\/span> <\/label>\n<\/p>\n<p><input class=\"wpcf7-form-control wpcf7-submit has-spinner\" type=\"submit\" value=\"Send\" \/>\n<\/p><div class=\"wpcf7-response-output\" aria-hidden=\"true\"><\/div>\n<\/form>\n<\/div>\n\n<\/div><\/section>\n<\/div><\/div>\n<\/div><\/p>\n","protected":false},"excerpt":{"rendered":"","protected":false},"author":7,"featured_media":0,"parent":0,"menu_order":0,"comment_status":"closed","ping_status":"closed","template":"","meta":{"_acf_changed":false,"footnotes":""},"class_list":["post-1907","page","type-page","status-publish","hentry"],"acf":[],"yoast_head":"<!-- This site is optimized with the Yoast SEO plugin v23.5 - https:\/\/yoast.com\/wordpress\/plugins\/seo\/ -->\n<title>Contact us - V\u00e4stia Care - Bostadsanpassning Duschrum, Specialduschar<\/title>\n<meta name=\"robots\" content=\"index, follow, max-snippet:-1, max-image-preview:large, max-video-preview:-1\" \/>\n<link rel=\"canonical\" href=\"https:\/\/vastiacare.se\/en\/kontakta-oss\/\" \/>\n<meta property=\"og:locale\" content=\"en_US\" \/>\n<meta property=\"og:type\" content=\"article\" \/>\n<meta property=\"og:title\" content=\"Contact us - V\u00e4stia Care - Bostadsanpassning Duschrum, Specialduschar\" \/>\n<meta property=\"og:url\" content=\"https:\/\/vastiacare.se\/en\/kontakta-oss\/\" \/>\n<meta property=\"og:site_name\" content=\"V\u00e4stia Care - Bostadsanpassning Duschrum, Specialduschar\" \/>\n<meta property=\"article:modified_time\" content=\"2024-11-11T07:38:38+00:00\" \/>\n<meta name=\"twitter:card\" content=\"summary_large_image\" \/>\n<meta name=\"twitter:label1\" content=\"Est. reading time\" \/>\n\t<meta name=\"twitter:data1\" content=\"3 minutes\" \/>\n<script type=\"application\/ld+json\" class=\"yoast-schema-graph\">{\"@context\":\"https:\/\/schema.org\",\"@graph\":[{\"@type\":\"WebPage\",\"@id\":\"https:\/\/vastiacare.se\/en\/kontakta-oss\/\",\"url\":\"https:\/\/vastiacare.se\/en\/kontakta-oss\/\",\"name\":\"Contact us - V\u00e4stia Care - Bostadsanpassning Duschrum, Specialduschar\",\"isPartOf\":{\"@id\":\"https:\/\/vastiacare.se\/#website\"},\"datePublished\":\"2019-10-06T20:21:18+00:00\",\"dateModified\":\"2024-11-11T07:38:38+00:00\",\"breadcrumb\":{\"@id\":\"https:\/\/vastiacare.se\/en\/kontakta-oss\/#breadcrumb\"},\"inLanguage\":\"en-US\",\"potentialAction\":[{\"@type\":\"ReadAction\",\"target\":[\"https:\/\/vastiacare.se\/en\/kontakta-oss\/\"]}]},{\"@type\":\"BreadcrumbList\",\"@id\":\"https:\/\/vastiacare.se\/en\/kontakta-oss\/#breadcrumb\",\"itemListElement\":[{\"@type\":\"ListItem\",\"position\":1,\"name\":\"Hem\",\"item\":\"https:\/\/vastiacare.se\/hem\/\"},{\"@type\":\"ListItem\",\"position\":2,\"name\":\"Contact us\"}]},{\"@type\":\"WebSite\",\"@id\":\"https:\/\/vastiacare.se\/#website\",\"url\":\"https:\/\/vastiacare.se\/\",\"name\":\"V\u00e4stia Care - Bostadsanpassning Duschrum, Specialduschar\",\"description\":\"Vi \u00e4r specialiserade p\u00e5 att utveckla duschrum, duschv\u00e4ggar och st\u00f6dhj\u00e4lpmedel medambitionen att g\u00f6ra varje dag lite enklare \u2013 f\u00f6r dig och dem i din n\u00e4rhet.\",\"publisher\":{\"@id\":\"https:\/\/vastiacare.se\/#organization\"},\"potentialAction\":[{\"@type\":\"SearchAction\",\"target\":{\"@type\":\"EntryPoint\",\"urlTemplate\":\"https:\/\/vastiacare.se\/?s={search_term_string}\"},\"query-input\":{\"@type\":\"PropertyValueSpecification\",\"valueRequired\":true,\"valueName\":\"search_term_string\"}}],\"inLanguage\":\"en-US\"},{\"@type\":\"Organization\",\"@id\":\"https:\/\/vastiacare.se\/#organization\",\"name\":\"V\u00e4stia Care\",\"url\":\"https:\/\/vastiacare.se\/\",\"logo\":{\"@type\":\"ImageObject\",\"inLanguage\":\"en-US\",\"@id\":\"https:\/\/vastiacare.se\/#\/schema\/logo\/image\/\",\"url\":\"https:\/\/vastiacare.se\/wp-content\/uploads\/2019\/09\/favicon.png\",\"contentUrl\":\"https:\/\/vastiacare.se\/wp-content\/uploads\/2019\/09\/favicon.png\",\"width\":69,\"height\":69,\"caption\":\"V\u00e4stia Care\"},\"image\":{\"@id\":\"https:\/\/vastiacare.se\/#\/schema\/logo\/image\/\"}}]}<\/script>\n<!-- \/ Yoast SEO plugin. -->","yoast_head_json":{"title":"Contact us - V\u00e4stia Care - Bostadsanpassning Duschrum, Specialduschar","robots":{"index":"index","follow":"follow","max-snippet":"max-snippet:-1","max-image-preview":"max-image-preview:large","max-video-preview":"max-video-preview:-1"},"canonical":"https:\/\/vastiacare.se\/en\/kontakta-oss\/","og_locale":"en_US","og_type":"article","og_title":"Contact us - V\u00e4stia Care - Bostadsanpassning Duschrum, Specialduschar","og_url":"https:\/\/vastiacare.se\/en\/kontakta-oss\/","og_site_name":"V\u00e4stia Care - Bostadsanpassning Duschrum, Specialduschar","article_modified_time":"2024-11-11T07:38:38+00:00","twitter_card":"summary_large_image","twitter_misc":{"Est. reading time":"3 minutes"},"schema":{"@context":"https:\/\/schema.org","@graph":[{"@type":"WebPage","@id":"https:\/\/vastiacare.se\/en\/kontakta-oss\/","url":"https:\/\/vastiacare.se\/en\/kontakta-oss\/","name":"Contact us - V\u00e4stia Care - Bostadsanpassning Duschrum, Specialduschar","isPartOf":{"@id":"https:\/\/vastiacare.se\/#website"},"datePublished":"2019-10-06T20:21:18+00:00","dateModified":"2024-11-11T07:38:38+00:00","breadcrumb":{"@id":"https:\/\/vastiacare.se\/en\/kontakta-oss\/#breadcrumb"},"inLanguage":"en-US","potentialAction":[{"@type":"ReadAction","target":["https:\/\/vastiacare.se\/en\/kontakta-oss\/"]}]},{"@type":"BreadcrumbList","@id":"https:\/\/vastiacare.se\/en\/kontakta-oss\/#breadcrumb","itemListElement":[{"@type":"ListItem","position":1,"name":"Hem","item":"https:\/\/vastiacare.se\/hem\/"},{"@type":"ListItem","position":2,"name":"Contact us"}]},{"@type":"WebSite","@id":"https:\/\/vastiacare.se\/#website","url":"https:\/\/vastiacare.se\/","name":"V\u00e4stia Care - Bostadsanpassning Duschrum, Specialduschar","description":"Vi \u00e4r specialiserade p\u00e5 att utveckla duschrum, duschv\u00e4ggar och st\u00f6dhj\u00e4lpmedel medambitionen att g\u00f6ra varje dag lite enklare \u2013 f\u00f6r dig och dem i din n\u00e4rhet.","publisher":{"@id":"https:\/\/vastiacare.se\/#organization"},"potentialAction":[{"@type":"SearchAction","target":{"@type":"EntryPoint","urlTemplate":"https:\/\/vastiacare.se\/?s={search_term_string}"},"query-input":{"@type":"PropertyValueSpecification","valueRequired":true,"valueName":"search_term_string"}}],"inLanguage":"en-US"},{"@type":"Organization","@id":"https:\/\/vastiacare.se\/#organization","name":"V\u00e4stia Care","url":"https:\/\/vastiacare.se\/","logo":{"@type":"ImageObject","inLanguage":"en-US","@id":"https:\/\/vastiacare.se\/#\/schema\/logo\/image\/","url":"https:\/\/vastiacare.se\/wp-content\/uploads\/2019\/09\/favicon.png","contentUrl":"https:\/\/vastiacare.se\/wp-content\/uploads\/2019\/09\/favicon.png","width":69,"height":69,"caption":"V\u00e4stia Care"},"image":{"@id":"https:\/\/vastiacare.se\/#\/schema\/logo\/image\/"}}]}},"_links":{"self":[{"href":"https:\/\/vastiacare.se\/en\/wp-json\/wp\/v2\/pages\/1907"}],"collection":[{"href":"https:\/\/vastiacare.se\/en\/wp-json\/wp\/v2\/pages"}],"about":[{"href":"https:\/\/vastiacare.se\/en\/wp-json\/wp\/v2\/types\/page"}],"author":[{"embeddable":true,"href":"https:\/\/vastiacare.se\/en\/wp-json\/wp\/v2\/users\/7"}],"replies":[{"embeddable":true,"href":"https:\/\/vastiacare.se\/en\/wp-json\/wp\/v2\/comments?post=1907"}],"version-history":[{"count":7,"href":"https:\/\/vastiacare.se\/en\/wp-json\/wp\/v2\/pages\/1907\/revisions"}],"predecessor-version":[{"id":17297,"href":"https:\/\/vastiacare.se\/en\/wp-json\/wp\/v2\/pages\/1907\/revisions\/17297"}],"wp:attachment":[{"href":"https:\/\/vastiacare.se\/en\/wp-json\/wp\/v2\/media?parent=1907"}],"curies":[{"name":"wp","href":"https:\/\/api.w.org\/{rel}","templated":true}]}}