{"id":1940,"date":"2019-10-09T20:25:56","date_gmt":"2019-10-09T18:25:56","guid":{"rendered":"https:\/\/vastiacare.se\/?page_id=1940"},"modified":"2019-10-09T20:29:52","modified_gmt":"2019-10-09T18:29:52","slug":"special-dusch","status":"publish","type":"page","link":"https:\/\/vastiacare.se\/en\/special-dusch\/","title":{"rendered":"Purpose-built showers"},"content":{"rendered":"<div id='full_slider_1' class='avia-fullwidth-slider main_color avia-shadow  av-small-hide av-mini-hide  avia-builder-el-0  el_before_av_slideshow_full  avia-builder-el-first   container_wrap fullsize' style=' '  ><div  data-size='custom-banner'  data-lightbox_size='large'  data-animation='slide'  data-conditional_play=''  data-ids='687'  data-video_counter='0'  data-autoplay='false'  data-bg_slider='false'  data-slide_height=''  data-handle='av_slideshow_full'  data-interval='5'  data-class=' '  data-css_id=''  data-scroll_down=''  data-control_layout='av-control-default'  data-custom_markup=''  data-perma_caption=''  data-autoplay_stopper=''  data-image_attachment=''  data-min_height='0px'  data-src=''  data-position='top left'  data-repeat='no-repeat'  data-attach='scroll'  data-stretch=''  data-default-height='31.25'  class='avia-slideshow avia-slideshow-1  av-control-default av-default-height-applied avia-slideshow-custom-banner av_slideshow_full   avia-slide-slider '  itemprop=\"image\" itemscope=\"itemscope\" itemtype=\"https:\/\/schema.org\/ImageObject\" ><ul class='avia-slideshow-inner ' style='padding-bottom: 31.25%;' ><li  class=' av-single-slide slide-1 ' ><div data-rel='slideshow-1' class='avia-slide-wrap '   ><img src='https:\/\/vastiacare.se\/wp-content\/uploads\/2019\/08\/vastia1-1920x600.jpg' width='1920' height='600' title='vastia1' alt=''  itemprop=\"thumbnailUrl\"   \/><div class='av-section-color-overlay' style='opacity: 1; background-image: url(https:\/\/vastiacare.se\/wp-content\/uploads\/2019\/08\/overlay-desktop.png); background-repeat: repeat;'><\/div><\/div><\/li><\/ul><\/div><\/div>\n<div id='full_slider_2' class='avia-fullwidth-slider main_color avia-shadow  av-desktop-hide av-medium-hide  avia-builder-el-1  el_after_av_slideshow_full  el_before_av_section   slider-not-first container_wrap fullsize' style=' '  ><div  data-size='mobile-banner'  data-lightbox_size='large'  data-animation='slide'  data-conditional_play=''  data-ids='687'  data-video_counter='0'  data-autoplay='false'  data-bg_slider='false'  data-slide_height=''  data-handle='av_slideshow_full'  data-interval='5'  data-class=' '  data-css_id=''  data-scroll_down=''  data-control_layout='av-control-default'  data-custom_markup=''  data-perma_caption=''  data-autoplay_stopper=''  data-image_attachment=''  data-min_height='300px'  data-src=''  data-position='top left'  data-repeat='no-repeat'  data-attach='scroll'  data-stretch=''  data-default-height='100'  class='avia-slideshow avia-slideshow-2  av-control-default av-default-height-applied avia-slideshow-mobile-banner av_slideshow_full   avia-slide-slider '  itemprop=\"image\" itemscope=\"itemscope\" itemtype=\"https:\/\/schema.org\/ImageObject\" ><ul class='avia-slideshow-inner ' style='padding-bottom: 100%;' ><li  class=' av-single-slide slide-1 ' ><div data-rel='slideshow-2' class='avia-slide-wrap '   ><img src='https:\/\/vastiacare.se\/wp-content\/uploads\/2019\/08\/vastia1-1030x1030.jpg' width='1030' height='1030' title='vastia1' alt=''  itemprop=\"thumbnailUrl\"  style='min-height:300px; min-width:300px; ' \/><div class='av-section-color-overlay' style='opacity: 1; background-image: url(https:\/\/vastiacare.se\/wp-content\/uploads\/2019\/08\/overlay-mobile.png); background-repeat: repeat;'><\/div><\/div><\/li><\/ul><\/div><\/div>\n<div id='av_section_1' class='avia-section main_color avia-section-default avia-no-border-styling avia-bg-style-scroll  avia-builder-el-2  el_after_av_slideshow_full  el_before_av_section    container_wrap fullsize' style=' '  ><div class='container' ><div class='template-page content  av-content-full alpha units'><div class='post-entry post-entry-type-page post-entry-1940'><div class='entry-content-wrapper clearfix'>\n<div style='padding-bottom:10px; font-size:42px;' class='av-special-heading av-special-heading-h2  blockquote modern-quote  avia-builder-el-3  el_before_av_one_half  avia-builder-el-first   av-inherit-size '><h2 class='av-special-heading-tag '  itemprop=\"headline\"  >Purpose-built showers<\/h2><div class='special-heading-border'><div class='special-heading-inner-border' ><\/div><\/div><\/div>\n<div class=\"flex_column av_one_half  flex_column_div av-zero-column-padding first  avia-builder-el-4  el_after_av_heading  el_before_av_one_fourth  \" style='border-radius:0px; '><p><div style='padding-bottom:10px; font-size:26px;' class='av-special-heading av-special-heading-h3  blockquote modern-quote  avia-builder-el-5  el_before_av_textblock  avia-builder-el-first   av-inherit-size '><h3 class='av-special-heading-tag '  itemprop=\"headline\"  >Different needs require different solutions<\/h3><div class='special-heading-border'><div class='special-heading-inner-border' ><\/div><\/div><\/div><br \/>\n<section class=\"av_textblock_section \"  itemscope=\"itemscope\" itemtype=\"https:\/\/schema.org\/CreativeWork\" ><div class='avia_textblock  '   itemprop=\"text\" ><p>Over the years, we have created hundreds of purpose-built showers to suit specific measurements, bathroom designs or special requests. Aside from solid knowledge and experience, the secret behind our flexibility is our control over the whole production chain. This also enables us to offer shorter delivery times even if the products are custom made.<\/p>\n<\/div><\/section><\/p><\/div><div class=\"flex_column av_one_fourth  flex_column_div av-zero-column-padding   avia-builder-el-7  el_after_av_one_half  el_before_av_one_fourth  \" style='border-radius:0px; '><div class='avia-image-container  av-styling-no-styling    avia-builder-el-8  avia-builder-el-no-sibling   avia-align-left '  itemprop=\"image\" itemscope=\"itemscope\" itemtype=\"https:\/\/schema.org\/ImageObject\"  ><div class='avia-image-container-inner'><div class='avia-image-overlay-wrap'><img class='avia_image' src='https:\/\/vastiacare.se\/wp-content\/uploads\/2019\/09\/specialdusch1-1.jpg' alt='V\u00e4stia Care - bostadsanpassning' title='specialdusch1' height=\"600\" width=\"400\"  itemprop=\"thumbnailUrl\"  \/><\/div><\/div><\/div><\/div><div class=\"flex_column av_one_fourth  flex_column_div av-zero-column-padding   avia-builder-el-9  el_after_av_one_fourth  avia-builder-el-last  \" style='border-radius:0px; '><div class='avia-image-container  av-styling-no-styling    avia-builder-el-10  avia-builder-el-no-sibling   avia-align-left '  itemprop=\"image\" itemscope=\"itemscope\" itemtype=\"https:\/\/schema.org\/ImageObject\"  ><div class='avia-image-container-inner'><div class='avia-image-overlay-wrap'><img class='avia_image' src='https:\/\/vastiacare.se\/wp-content\/uploads\/2019\/09\/specialdusch2.jpg' alt='Handikappdusch' title='specialdusch2' height=\"600\" width=\"400\"  itemprop=\"thumbnailUrl\"  \/><\/div><\/div><\/div><\/div><\/div><\/div><\/div><!-- close content main div --><\/div><\/div><div id='av_section_2' class='avia-section main_color avia-section-default avia-no-border-styling avia-bg-style-scroll  avia-builder-el-11  el_after_av_section  el_before_av_gallery    container_wrap fullsize' style='background-color: #f5f3ee;  '  ><div class='container' ><div class='template-page content  av-content-full alpha units'><div class='post-entry post-entry-type-page post-entry-1940'><div class='entry-content-wrapper clearfix'>\n<div style='padding-bottom:10px; color:#4d4d4f;font-size:26px;' class='av-special-heading av-special-heading-h3 custom-color-heading blockquote modern-quote modern-centered  avia-builder-el-12  el_before_av_codeblock  avia-builder-el-first   av-inherit-size '><h3 class='av-special-heading-tag '  itemprop=\"headline\"  >Din special-dusch<\/h3><div class='special-heading-border'><div class='special-heading-inner-border' style='border-color:#4d4d4f'><\/div><\/div><\/div>\n\n<\/div><\/div><\/div><!-- close content main div --><\/div><\/div><div id='after_section_2' class='main_color av_default_container_wrap container_wrap fullsize' style=' '  ><div class='container' ><div class='template-page content  av-content-full alpha units'><div class='post-entry post-entry-type-page post-entry-1940'><div class='entry-content-wrapper clearfix'><\/p>\n<div class='avia-gallery  av-small-hide av-mini-hide avia-gallery-1 avia_lazyload avia-gallery-animate avia_animate_when_visible  avia-builder-el-14  el_after_av_section  el_before_av_gallery  avia-builder-el-first  '  itemprop=\"image\" itemscope=\"itemscope\" itemtype=\"https:\/\/schema.org\/ImageObject\" ><div class='avia-gallery-thumb'> <a href='https:\/\/vastiacare.se\/wp-content\/uploads\/2019\/09\/IMG_7471-1030x687.jpg' data-rel='gallery-1' data-prev-img='https:\/\/vastiacare.se\/wp-content\/uploads\/2019\/09\/IMG_7471-495x400.jpg' class='first_thumb lightbox ' data-onclick='1' title='F\u00f6nsterl\u00f6sning &quot;S\u00e4ffle&quot;'  itemprop=\"thumbnailUrl\" ><img data-avia-tooltip='F\u00f6nsterl\u00f6sning &#8220;S\u00e4ffle&#8221;' src='https:\/\/vastiacare.se\/wp-content\/uploads\/2019\/09\/IMG_7471-845x684.jpg' width='845' height='684'  title='IMG_7471' alt='V\u00e4stia Care - bostadsanpassning' \/><\/a> <a href='https:\/\/vastiacare.se\/wp-content\/uploads\/2019\/09\/IMG_7512-687x1030.jpg' data-rel='gallery-1' data-prev-img='https:\/\/vastiacare.se\/wp-content\/uploads\/2019\/09\/IMG_7512-495x400.jpg' class='lightbox ' data-onclick='2' title='Skjutd\u00f6rrar'  itemprop=\"thumbnailUrl\" ><img data-avia-tooltip='Skjutd\u00f6rrar' src='https:\/\/vastiacare.se\/wp-content\/uploads\/2019\/09\/IMG_7512-845x684.jpg' width='845' height='684'  title='IMG_7512' alt='Skjutd\u00f6rrar till specialdusch' \/><\/a><\/div><\/div>\n<div class='avia-gallery  av-desktop-hide av-medium-hide avia-gallery-2 avia_lazyload avia-gallery-animate avia_animate_when_visible  avia-builder-el-15  el_after_av_gallery  avia-builder-el-last  '  itemprop=\"image\" itemscope=\"itemscope\" itemtype=\"https:\/\/schema.org\/ImageObject\" ><div class='avia-gallery-thumb'> <a href='https:\/\/vastiacare.se\/wp-content\/uploads\/2019\/09\/IMG_7471-1030x687.jpg' data-rel='gallery-2' data-prev-img='https:\/\/vastiacare.se\/wp-content\/uploads\/2019\/09\/IMG_7471-495x400.jpg' class='first_thumb lightbox ' data-onclick='1' title='F\u00f6nsterl\u00f6sning &quot;S\u00e4ffle&quot;'  itemprop=\"thumbnailUrl\" ><img data-avia-tooltip='F\u00f6nsterl\u00f6sning &#8220;S\u00e4ffle&#8221;' src='https:\/\/vastiacare.se\/wp-content\/uploads\/2019\/09\/IMG_7471-845x684.jpg' width='845' height='684'  title='IMG_7471' alt='V\u00e4stia Care - bostadsanpassning' \/><\/a> <a href='https:\/\/vastiacare.se\/wp-content\/uploads\/2019\/09\/IMG_7512-687x1030.jpg' data-rel='gallery-2' data-prev-img='https:\/\/vastiacare.se\/wp-content\/uploads\/2019\/09\/IMG_7512-495x400.jpg' class='first_thumb lightbox ' data-onclick='2' title='Skjutd\u00f6rrar'  itemprop=\"thumbnailUrl\" ><img data-avia-tooltip='Skjutd\u00f6rrar' src='https:\/\/vastiacare.se\/wp-content\/uploads\/2019\/09\/IMG_7512-845x684.jpg' width='845' height='684'  title='IMG_7512' alt='Skjutd\u00f6rrar till specialdusch' \/><\/a><\/div><\/div>\n","protected":false},"excerpt":{"rendered":"","protected":false},"author":7,"featured_media":0,"parent":0,"menu_order":0,"comment_status":"closed","ping_status":"closed","template":"","meta":{"_acf_changed":false,"footnotes":""},"class_list":["post-1940","page","type-page","status-publish","hentry"],"acf":[],"yoast_head":"<!-- This site is optimized with the Yoast SEO plugin v23.5 - https:\/\/yoast.com\/wordpress\/plugins\/seo\/ -->\n<title>Purpose-built showers - V\u00e4stia Care - Bostadsanpassning Duschrum, Specialduschar<\/title>\n<meta name=\"robots\" content=\"index, follow, max-snippet:-1, max-image-preview:large, max-video-preview:-1\" \/>\n<link rel=\"canonical\" href=\"https:\/\/vastiacare.se\/en\/special-dusch\/\" \/>\n<meta property=\"og:locale\" content=\"en_US\" \/>\n<meta property=\"og:type\" content=\"article\" \/>\n<meta property=\"og:title\" content=\"Purpose-built showers - V\u00e4stia Care - Bostadsanpassning Duschrum, Specialduschar\" \/>\n<meta property=\"og:url\" content=\"https:\/\/vastiacare.se\/en\/special-dusch\/\" \/>\n<meta property=\"og:site_name\" content=\"V\u00e4stia Care - Bostadsanpassning Duschrum, Specialduschar\" \/>\n<meta property=\"article:modified_time\" content=\"2019-10-09T18:29:52+00:00\" \/>\n<meta name=\"twitter:card\" content=\"summary_large_image\" \/>\n<meta name=\"twitter:label1\" content=\"Est. reading time\" \/>\n\t<meta name=\"twitter:data1\" content=\"7 minutes\" \/>\n<script type=\"application\/ld+json\" class=\"yoast-schema-graph\">{\"@context\":\"https:\/\/schema.org\",\"@graph\":[{\"@type\":\"WebPage\",\"@id\":\"https:\/\/vastiacare.se\/en\/special-dusch\/\",\"url\":\"https:\/\/vastiacare.se\/en\/special-dusch\/\",\"name\":\"Purpose-built showers - V\u00e4stia Care - Bostadsanpassning Duschrum, Specialduschar\",\"isPartOf\":{\"@id\":\"https:\/\/vastiacare.se\/#website\"},\"datePublished\":\"2019-10-09T18:25:56+00:00\",\"dateModified\":\"2019-10-09T18:29:52+00:00\",\"breadcrumb\":{\"@id\":\"https:\/\/vastiacare.se\/en\/special-dusch\/#breadcrumb\"},\"inLanguage\":\"en-US\",\"potentialAction\":[{\"@type\":\"ReadAction\",\"target\":[\"https:\/\/vastiacare.se\/en\/special-dusch\/\"]}]},{\"@type\":\"BreadcrumbList\",\"@id\":\"https:\/\/vastiacare.se\/en\/special-dusch\/#breadcrumb\",\"itemListElement\":[{\"@type\":\"ListItem\",\"position\":1,\"name\":\"Hem\",\"item\":\"https:\/\/vastiacare.se\/hem\/\"},{\"@type\":\"ListItem\",\"position\":2,\"name\":\"Purpose-built showers\"}]},{\"@type\":\"WebSite\",\"@id\":\"https:\/\/vastiacare.se\/#website\",\"url\":\"https:\/\/vastiacare.se\/\",\"name\":\"V\u00e4stia Care - Bostadsanpassning Duschrum, Specialduschar\",\"description\":\"Vi \u00e4r specialiserade p\u00e5 att utveckla duschrum, duschv\u00e4ggar och st\u00f6dhj\u00e4lpmedel medambitionen att g\u00f6ra varje dag lite enklare \u2013 f\u00f6r dig och dem i din n\u00e4rhet.\",\"publisher\":{\"@id\":\"https:\/\/vastiacare.se\/#organization\"},\"potentialAction\":[{\"@type\":\"SearchAction\",\"target\":{\"@type\":\"EntryPoint\",\"urlTemplate\":\"https:\/\/vastiacare.se\/?s={search_term_string}\"},\"query-input\":{\"@type\":\"PropertyValueSpecification\",\"valueRequired\":true,\"valueName\":\"search_term_string\"}}],\"inLanguage\":\"en-US\"},{\"@type\":\"Organization\",\"@id\":\"https:\/\/vastiacare.se\/#organization\",\"name\":\"V\u00e4stia Care\",\"url\":\"https:\/\/vastiacare.se\/\",\"logo\":{\"@type\":\"ImageObject\",\"inLanguage\":\"en-US\",\"@id\":\"https:\/\/vastiacare.se\/#\/schema\/logo\/image\/\",\"url\":\"https:\/\/vastiacare.se\/wp-content\/uploads\/2019\/09\/favicon.png\",\"contentUrl\":\"https:\/\/vastiacare.se\/wp-content\/uploads\/2019\/09\/favicon.png\",\"width\":69,\"height\":69,\"caption\":\"V\u00e4stia Care\"},\"image\":{\"@id\":\"https:\/\/vastiacare.se\/#\/schema\/logo\/image\/\"}}]}<\/script>\n<!-- \/ Yoast SEO plugin. -->","yoast_head_json":{"title":"Purpose-built showers - V\u00e4stia Care - Bostadsanpassning Duschrum, Specialduschar","robots":{"index":"index","follow":"follow","max-snippet":"max-snippet:-1","max-image-preview":"max-image-preview:large","max-video-preview":"max-video-preview:-1"},"canonical":"https:\/\/vastiacare.se\/en\/special-dusch\/","og_locale":"en_US","og_type":"article","og_title":"Purpose-built showers - V\u00e4stia Care - Bostadsanpassning Duschrum, Specialduschar","og_url":"https:\/\/vastiacare.se\/en\/special-dusch\/","og_site_name":"V\u00e4stia Care - Bostadsanpassning Duschrum, Specialduschar","article_modified_time":"2019-10-09T18:29:52+00:00","twitter_card":"summary_large_image","twitter_misc":{"Est. reading time":"7 minutes"},"schema":{"@context":"https:\/\/schema.org","@graph":[{"@type":"WebPage","@id":"https:\/\/vastiacare.se\/en\/special-dusch\/","url":"https:\/\/vastiacare.se\/en\/special-dusch\/","name":"Purpose-built showers - V\u00e4stia Care - Bostadsanpassning Duschrum, Specialduschar","isPartOf":{"@id":"https:\/\/vastiacare.se\/#website"},"datePublished":"2019-10-09T18:25:56+00:00","dateModified":"2019-10-09T18:29:52+00:00","breadcrumb":{"@id":"https:\/\/vastiacare.se\/en\/special-dusch\/#breadcrumb"},"inLanguage":"en-US","potentialAction":[{"@type":"ReadAction","target":["https:\/\/vastiacare.se\/en\/special-dusch\/"]}]},{"@type":"BreadcrumbList","@id":"https:\/\/vastiacare.se\/en\/special-dusch\/#breadcrumb","itemListElement":[{"@type":"ListItem","position":1,"name":"Hem","item":"https:\/\/vastiacare.se\/hem\/"},{"@type":"ListItem","position":2,"name":"Purpose-built showers"}]},{"@type":"WebSite","@id":"https:\/\/vastiacare.se\/#website","url":"https:\/\/vastiacare.se\/","name":"V\u00e4stia Care - Bostadsanpassning Duschrum, Specialduschar","description":"Vi \u00e4r specialiserade p\u00e5 att utveckla duschrum, duschv\u00e4ggar och st\u00f6dhj\u00e4lpmedel medambitionen att g\u00f6ra varje dag lite enklare \u2013 f\u00f6r dig och dem i din n\u00e4rhet.","publisher":{"@id":"https:\/\/vastiacare.se\/#organization"},"potentialAction":[{"@type":"SearchAction","target":{"@type":"EntryPoint","urlTemplate":"https:\/\/vastiacare.se\/?s={search_term_string}"},"query-input":{"@type":"PropertyValueSpecification","valueRequired":true,"valueName":"search_term_string"}}],"inLanguage":"en-US"},{"@type":"Organization","@id":"https:\/\/vastiacare.se\/#organization","name":"V\u00e4stia Care","url":"https:\/\/vastiacare.se\/","logo":{"@type":"ImageObject","inLanguage":"en-US","@id":"https:\/\/vastiacare.se\/#\/schema\/logo\/image\/","url":"https:\/\/vastiacare.se\/wp-content\/uploads\/2019\/09\/favicon.png","contentUrl":"https:\/\/vastiacare.se\/wp-content\/uploads\/2019\/09\/favicon.png","width":69,"height":69,"caption":"V\u00e4stia Care"},"image":{"@id":"https:\/\/vastiacare.se\/#\/schema\/logo\/image\/"}}]}},"_links":{"self":[{"href":"https:\/\/vastiacare.se\/en\/wp-json\/wp\/v2\/pages\/1940"}],"collection":[{"href":"https:\/\/vastiacare.se\/en\/wp-json\/wp\/v2\/pages"}],"about":[{"href":"https:\/\/vastiacare.se\/en\/wp-json\/wp\/v2\/types\/page"}],"author":[{"embeddable":true,"href":"https:\/\/vastiacare.se\/en\/wp-json\/wp\/v2\/users\/7"}],"replies":[{"embeddable":true,"href":"https:\/\/vastiacare.se\/en\/wp-json\/wp\/v2\/comments?post=1940"}],"version-history":[{"count":4,"href":"https:\/\/vastiacare.se\/en\/wp-json\/wp\/v2\/pages\/1940\/revisions"}],"predecessor-version":[{"id":17313,"href":"https:\/\/vastiacare.se\/en\/wp-json\/wp\/v2\/pages\/1940\/revisions\/17313"}],"wp:attachment":[{"href":"https:\/\/vastiacare.se\/en\/wp-json\/wp\/v2\/media?parent=1940"}],"curies":[{"name":"wp","href":"https:\/\/api.w.org\/{rel}","templated":true}]}}