{"id":2175,"date":"2019-10-09T22:02:32","date_gmt":"2019-10-09T20:02:32","guid":{"rendered":"https:\/\/vastiacare.se\/?page_id=2175"},"modified":"2019-10-09T22:03:26","modified_gmt":"2019-10-09T20:03:26","slug":"om-oss","status":"publish","type":"page","link":"https:\/\/vastiacare.se\/en\/om-oss\/","title":{"rendered":"About V\u00e4stia Care"},"content":{"rendered":"<div id='full_slider_1' class='avia-fullwidth-slider main_color avia-shadow  av-small-hide av-mini-hide  avia-builder-el-0  el_before_av_slideshow_full  avia-builder-el-first   container_wrap fullsize' style=' '  ><div  data-size='custom-banner'  data-lightbox_size='large'  data-animation='slide'  data-conditional_play=''  data-ids='694'  data-video_counter='0'  data-autoplay='false'  data-bg_slider='false'  data-slide_height=''  data-handle='av_slideshow_full'  data-interval='5'  data-class=' '  data-css_id=''  data-scroll_down=''  data-control_layout='av-control-default'  data-custom_markup=''  data-perma_caption=''  data-autoplay_stopper=''  data-image_attachment=''  data-min_height='500px'  data-src=''  data-position='top left'  data-repeat='no-repeat'  data-attach='scroll'  data-stretch=''  data-default-height='31.25'  class='avia-slideshow avia-slideshow-1  av-control-default av-default-height-applied avia-slideshow-custom-banner av_slideshow_full   avia-slide-slider '  itemprop=\"image\" itemscope=\"itemscope\" itemtype=\"https:\/\/schema.org\/ImageObject\" ><ul class='avia-slideshow-inner ' style='padding-bottom: 31.25%;' ><li  class=' av-single-slide slide-1 ' ><div data-rel='slideshow-1' class='avia-slide-wrap '   ><img src='https:\/\/vastiacare.se\/wp-content\/uploads\/2019\/08\/vastia2-1920x600.jpg' width='1920' height='600' title='vastia2' alt='V\u00e4stia Care'  itemprop=\"thumbnailUrl\"  style='min-height:500px; min-width:1600px; ' \/><div class='av-section-color-overlay' style='opacity: 1; background-image: url(https:\/\/vastiacare.se\/wp-content\/uploads\/2019\/08\/overlay-desktop.png); background-repeat: repeat;'><\/div><\/div><\/li><\/ul><\/div><\/div>\n<div id='full_slider_2' class='avia-fullwidth-slider main_color avia-shadow  av-desktop-hide av-medium-hide  avia-builder-el-1  el_after_av_slideshow_full  el_before_av_section   slider-not-first container_wrap fullsize' style=' '  ><div  data-size='mobile-banner'  data-lightbox_size='large'  data-animation='slide'  data-conditional_play=''  data-ids='694'  data-video_counter='0'  data-autoplay='false'  data-bg_slider='false'  data-slide_height=''  data-handle='av_slideshow_full'  data-interval='5'  data-class=' '  data-css_id=''  data-scroll_down=''  data-control_layout='av-control-default'  data-custom_markup=''  data-perma_caption=''  data-autoplay_stopper=''  data-image_attachment=''  data-min_height='300px'  data-src=''  data-position='top left'  data-repeat='no-repeat'  data-attach='scroll'  data-stretch=''  data-default-height='100'  class='avia-slideshow avia-slideshow-2  av-control-default av-default-height-applied avia-slideshow-mobile-banner av_slideshow_full   avia-slide-slider '  itemprop=\"image\" itemscope=\"itemscope\" itemtype=\"https:\/\/schema.org\/ImageObject\" ><ul class='avia-slideshow-inner ' style='padding-bottom: 100%;' ><li  class=' av-single-slide slide-1 ' ><div data-rel='slideshow-2' class='avia-slide-wrap '   ><img src='https:\/\/vastiacare.se\/wp-content\/uploads\/2019\/08\/vastia2-1030x1030.jpg' width='1030' height='1030' title='vastia2' alt='V\u00e4stia Care'  itemprop=\"thumbnailUrl\"  style='min-height:300px; min-width:300px; ' \/><div class='av-section-color-overlay' style='opacity: 1; background-image: url(https:\/\/vastiacare.se\/wp-content\/uploads\/2019\/08\/overlay-mobile.png); background-repeat: repeat;'><\/div><\/div><\/li><\/ul><\/div><\/div>\n<div id='av_section_1' class='avia-section main_color avia-section-default avia-no-border-styling avia-bg-style-scroll  avia-builder-el-2  el_after_av_slideshow_full  avia-builder-el-last    container_wrap fullsize' style=' '  ><div class='container' ><div class='template-page content  av-content-full alpha units'><div class='post-entry post-entry-type-page post-entry-2175'><div class='entry-content-wrapper clearfix'>\n<div style='padding-bottom:10px; color:#25aa9d;' class='av-special-heading av-special-heading-h1 custom-color-heading blockquote modern-quote modern-centered  avia-builder-el-3  el_before_av_two_third  avia-builder-el-first   '><h1 class='av-special-heading-tag '  itemprop=\"headline\"  >About V\u00e4stia Care<\/h1><div class='special-heading-border'><div class='special-heading-inner-border' style='border-color:#25aa9d'><\/div><\/div><\/div>\n<div class='flex_column_table av-equal-height-column-flextable -flextable' ><div class=\"flex_column av_two_third  no_margin flex_column_table_cell av-equal-height-column av-align-top av-zero-column-padding first  avia-builder-el-4  el_after_av_heading  avia-builder-el-last   \" style='border-radius:0px; '><section class=\"av_textblock_section \"  itemscope=\"itemscope\" itemtype=\"https:\/\/schema.org\/CreativeWork\" ><div class='avia_textblock  '   itemprop=\"text\" ><p style=\"text-align: center;\">Since 1986, V\u00e4stia Care has created the conditions for a safe and free everyday life for people with disabilities. We specialise in developing shower cubicles, shower walls and support equipment with the ambition to make each day a little easier\u2014for you and the people close to you.<\/p>\n<\/div><\/section><\/div><\/div><!--close column table wrapper. Autoclose: 1 -->\n","protected":false},"excerpt":{"rendered":"","protected":false},"author":7,"featured_media":0,"parent":0,"menu_order":0,"comment_status":"closed","ping_status":"closed","template":"","meta":{"_acf_changed":false,"footnotes":""},"class_list":["post-2175","page","type-page","status-publish","hentry"],"acf":[],"yoast_head":"<!-- This site is optimized with the Yoast SEO plugin v23.5 - https:\/\/yoast.com\/wordpress\/plugins\/seo\/ -->\n<title>About V\u00e4stia Care - V\u00e4stia Care - Bostadsanpassning Duschrum, Specialduschar<\/title>\n<meta name=\"robots\" content=\"index, follow, max-snippet:-1, max-image-preview:large, max-video-preview:-1\" \/>\n<link rel=\"canonical\" href=\"https:\/\/vastiacare.se\/en\/om-oss\/\" \/>\n<meta property=\"og:locale\" content=\"en_US\" \/>\n<meta property=\"og:type\" content=\"article\" \/>\n<meta property=\"og:title\" content=\"About V\u00e4stia Care - V\u00e4stia Care - Bostadsanpassning Duschrum, Specialduschar\" \/>\n<meta property=\"og:url\" content=\"https:\/\/vastiacare.se\/en\/om-oss\/\" \/>\n<meta property=\"og:site_name\" content=\"V\u00e4stia Care - Bostadsanpassning Duschrum, Specialduschar\" \/>\n<meta property=\"article:modified_time\" content=\"2019-10-09T20:03:26+00:00\" \/>\n<meta name=\"twitter:card\" content=\"summary_large_image\" \/>\n<meta name=\"twitter:label1\" content=\"Est. reading time\" \/>\n\t<meta name=\"twitter:data1\" content=\"4 minutes\" \/>\n<script type=\"application\/ld+json\" class=\"yoast-schema-graph\">{\"@context\":\"https:\/\/schema.org\",\"@graph\":[{\"@type\":\"WebPage\",\"@id\":\"https:\/\/vastiacare.se\/en\/om-oss\/\",\"url\":\"https:\/\/vastiacare.se\/en\/om-oss\/\",\"name\":\"About V\u00e4stia Care - V\u00e4stia Care - Bostadsanpassning Duschrum, Specialduschar\",\"isPartOf\":{\"@id\":\"https:\/\/vastiacare.se\/#website\"},\"datePublished\":\"2019-10-09T20:02:32+00:00\",\"dateModified\":\"2019-10-09T20:03:26+00:00\",\"breadcrumb\":{\"@id\":\"https:\/\/vastiacare.se\/en\/om-oss\/#breadcrumb\"},\"inLanguage\":\"en-US\",\"potentialAction\":[{\"@type\":\"ReadAction\",\"target\":[\"https:\/\/vastiacare.se\/en\/om-oss\/\"]}]},{\"@type\":\"BreadcrumbList\",\"@id\":\"https:\/\/vastiacare.se\/en\/om-oss\/#breadcrumb\",\"itemListElement\":[{\"@type\":\"ListItem\",\"position\":1,\"name\":\"Hem\",\"item\":\"https:\/\/vastiacare.se\/hem\/\"},{\"@type\":\"ListItem\",\"position\":2,\"name\":\"About V\u00e4stia Care\"}]},{\"@type\":\"WebSite\",\"@id\":\"https:\/\/vastiacare.se\/#website\",\"url\":\"https:\/\/vastiacare.se\/\",\"name\":\"V\u00e4stia Care - Bostadsanpassning Duschrum, Specialduschar\",\"description\":\"Vi \u00e4r specialiserade p\u00e5 att utveckla duschrum, duschv\u00e4ggar och st\u00f6dhj\u00e4lpmedel medambitionen att g\u00f6ra varje dag lite enklare \u2013 f\u00f6r dig och dem i din n\u00e4rhet.\",\"publisher\":{\"@id\":\"https:\/\/vastiacare.se\/#organization\"},\"potentialAction\":[{\"@type\":\"SearchAction\",\"target\":{\"@type\":\"EntryPoint\",\"urlTemplate\":\"https:\/\/vastiacare.se\/?s={search_term_string}\"},\"query-input\":{\"@type\":\"PropertyValueSpecification\",\"valueRequired\":true,\"valueName\":\"search_term_string\"}}],\"inLanguage\":\"en-US\"},{\"@type\":\"Organization\",\"@id\":\"https:\/\/vastiacare.se\/#organization\",\"name\":\"V\u00e4stia Care\",\"url\":\"https:\/\/vastiacare.se\/\",\"logo\":{\"@type\":\"ImageObject\",\"inLanguage\":\"en-US\",\"@id\":\"https:\/\/vastiacare.se\/#\/schema\/logo\/image\/\",\"url\":\"https:\/\/vastiacare.se\/wp-content\/uploads\/2019\/09\/favicon.png\",\"contentUrl\":\"https:\/\/vastiacare.se\/wp-content\/uploads\/2019\/09\/favicon.png\",\"width\":69,\"height\":69,\"caption\":\"V\u00e4stia Care\"},\"image\":{\"@id\":\"https:\/\/vastiacare.se\/#\/schema\/logo\/image\/\"}}]}<\/script>\n<!-- \/ Yoast SEO plugin. -->","yoast_head_json":{"title":"About V\u00e4stia Care - V\u00e4stia Care - Bostadsanpassning Duschrum, Specialduschar","robots":{"index":"index","follow":"follow","max-snippet":"max-snippet:-1","max-image-preview":"max-image-preview:large","max-video-preview":"max-video-preview:-1"},"canonical":"https:\/\/vastiacare.se\/en\/om-oss\/","og_locale":"en_US","og_type":"article","og_title":"About V\u00e4stia Care - V\u00e4stia Care - Bostadsanpassning Duschrum, Specialduschar","og_url":"https:\/\/vastiacare.se\/en\/om-oss\/","og_site_name":"V\u00e4stia Care - Bostadsanpassning Duschrum, Specialduschar","article_modified_time":"2019-10-09T20:03:26+00:00","twitter_card":"summary_large_image","twitter_misc":{"Est. reading time":"4 minutes"},"schema":{"@context":"https:\/\/schema.org","@graph":[{"@type":"WebPage","@id":"https:\/\/vastiacare.se\/en\/om-oss\/","url":"https:\/\/vastiacare.se\/en\/om-oss\/","name":"About V\u00e4stia Care - V\u00e4stia Care - Bostadsanpassning Duschrum, Specialduschar","isPartOf":{"@id":"https:\/\/vastiacare.se\/#website"},"datePublished":"2019-10-09T20:02:32+00:00","dateModified":"2019-10-09T20:03:26+00:00","breadcrumb":{"@id":"https:\/\/vastiacare.se\/en\/om-oss\/#breadcrumb"},"inLanguage":"en-US","potentialAction":[{"@type":"ReadAction","target":["https:\/\/vastiacare.se\/en\/om-oss\/"]}]},{"@type":"BreadcrumbList","@id":"https:\/\/vastiacare.se\/en\/om-oss\/#breadcrumb","itemListElement":[{"@type":"ListItem","position":1,"name":"Hem","item":"https:\/\/vastiacare.se\/hem\/"},{"@type":"ListItem","position":2,"name":"About V\u00e4stia Care"}]},{"@type":"WebSite","@id":"https:\/\/vastiacare.se\/#website","url":"https:\/\/vastiacare.se\/","name":"V\u00e4stia Care - Bostadsanpassning Duschrum, Specialduschar","description":"Vi \u00e4r specialiserade p\u00e5 att utveckla duschrum, duschv\u00e4ggar och st\u00f6dhj\u00e4lpmedel medambitionen att g\u00f6ra varje dag lite enklare \u2013 f\u00f6r dig och dem i din n\u00e4rhet.","publisher":{"@id":"https:\/\/vastiacare.se\/#organization"},"potentialAction":[{"@type":"SearchAction","target":{"@type":"EntryPoint","urlTemplate":"https:\/\/vastiacare.se\/?s={search_term_string}"},"query-input":{"@type":"PropertyValueSpecification","valueRequired":true,"valueName":"search_term_string"}}],"inLanguage":"en-US"},{"@type":"Organization","@id":"https:\/\/vastiacare.se\/#organization","name":"V\u00e4stia Care","url":"https:\/\/vastiacare.se\/","logo":{"@type":"ImageObject","inLanguage":"en-US","@id":"https:\/\/vastiacare.se\/#\/schema\/logo\/image\/","url":"https:\/\/vastiacare.se\/wp-content\/uploads\/2019\/09\/favicon.png","contentUrl":"https:\/\/vastiacare.se\/wp-content\/uploads\/2019\/09\/favicon.png","width":69,"height":69,"caption":"V\u00e4stia Care"},"image":{"@id":"https:\/\/vastiacare.se\/#\/schema\/logo\/image\/"}}]}},"_links":{"self":[{"href":"https:\/\/vastiacare.se\/en\/wp-json\/wp\/v2\/pages\/2175"}],"collection":[{"href":"https:\/\/vastiacare.se\/en\/wp-json\/wp\/v2\/pages"}],"about":[{"href":"https:\/\/vastiacare.se\/en\/wp-json\/wp\/v2\/types\/page"}],"author":[{"embeddable":true,"href":"https:\/\/vastiacare.se\/en\/wp-json\/wp\/v2\/users\/7"}],"replies":[{"embeddable":true,"href":"https:\/\/vastiacare.se\/en\/wp-json\/wp\/v2\/comments?post=2175"}],"version-history":[{"count":3,"href":"https:\/\/vastiacare.se\/en\/wp-json\/wp\/v2\/pages\/2175\/revisions"}],"predecessor-version":[{"id":2180,"href":"https:\/\/vastiacare.se\/en\/wp-json\/wp\/v2\/pages\/2175\/revisions\/2180"}],"wp:attachment":[{"href":"https:\/\/vastiacare.se\/en\/wp-json\/wp\/v2\/media?parent=2175"}],"curies":[{"name":"wp","href":"https:\/\/api.w.org\/{rel}","templated":true}]}}